{"id":139,"date":"2019-09-13T18:29:46","date_gmt":"2019-09-13T21:29:46","guid":{"rendered":"http:\/\/localhost\/agroten.com.br\/agrofood\/?page_id=139"},"modified":"2019-10-01T08:36:26","modified_gmt":"2019-10-01T11:36:26","slug":"alho","status":"publish","type":"page","link":"https:\/\/agroten.com.br\/agrofood\/alho\/","title":{"rendered":"Alho"},"content":{"rendered":"\t\t<div data-elementor-type=\"wp-page\" data-elementor-id=\"139\" class=\"elementor elementor-139\">\n\t\t\t\t\t\t<section class=\"elementor-section elementor-top-section elementor-element elementor-element-14954b5 elementor-section-stretched elementor-section-full_width elementor-section-height-min-height elementor-section-height-default elementor-section-items-middle\" data-id=\"14954b5\" data-element_type=\"section\" data-e-type=\"section\" data-settings=\"{&quot;stretch_section&quot;:&quot;section-stretched&quot;,&quot;background_background&quot;:&quot;classic&quot;}\">\n\t\t\t\t\t\t\t<div class=\"elementor-background-overlay\"><\/div>\n\t\t\t\t\t\t\t<div class=\"elementor-container elementor-column-gap-no\">\n\t\t\t\t\t<div class=\"elementor-column elementor-col-100 elementor-top-column elementor-element elementor-element-5a1a0df\" data-id=\"5a1a0df\" data-element_type=\"column\" data-e-type=\"column\" data-settings=\"{&quot;background_background&quot;:&quot;classic&quot;}\">\n\t\t\t<div class=\"elementor-widget-wrap elementor-element-populated\">\n\t\t\t\t\t\t<section class=\"elementor-section elementor-inner-section elementor-element elementor-element-efc47a6 elementor-section-boxed elementor-section-height-default elementor-section-height-default\" data-id=\"efc47a6\" data-element_type=\"section\" data-e-type=\"section\">\n\t\t\t\t\t\t<div class=\"elementor-container elementor-column-gap-default\">\n\t\t\t\t\t<div class=\"elementor-column elementor-col-50 elementor-inner-column elementor-element elementor-element-f144fbd\" data-id=\"f144fbd\" data-element_type=\"column\" data-e-type=\"column\" data-settings=\"{&quot;background_background&quot;:&quot;classic&quot;}\">\n\t\t\t<div class=\"elementor-widget-wrap elementor-element-populated\">\n\t\t\t\t\t\t<div class=\"elementor-element elementor-element-46ca8ca elementor-widget elementor-widget-heading\" data-id=\"46ca8ca\" data-element_type=\"widget\" data-e-type=\"widget\" data-widget_type=\"heading.default\">\n\t\t\t\t<div class=\"elementor-widget-container\">\n\t\t\t\t\t<h1 class=\"elementor-heading-title elementor-size-default\">Alho<\/h1>\t\t\t\t<\/div>\n\t\t\t\t<\/div>\n\t\t\t\t\t<\/div>\n\t\t<\/div>\n\t\t\t\t<div class=\"elementor-column elementor-col-50 elementor-inner-column elementor-element elementor-element-5915528\" data-id=\"5915528\" data-element_type=\"column\" data-e-type=\"column\" data-settings=\"{&quot;background_background&quot;:&quot;classic&quot;}\">\n\t\t\t<div class=\"elementor-widget-wrap\">\n\t\t\t\t\t\t\t<\/div>\n\t\t<\/div>\n\t\t\t\t\t<\/div>\n\t\t<\/section>\n\t\t\t\t\t<\/div>\n\t\t<\/div>\n\t\t\t\t\t<\/div>\n\t\t<\/section>\n\t\t\t\t<section class=\"elementor-section elementor-top-section elementor-element elementor-element-0b1e1f9 elementor-section-boxed elementor-section-height-default elementor-section-height-default\" data-id=\"0b1e1f9\" data-element_type=\"section\" data-e-type=\"section\">\n\t\t\t\t\t\t<div class=\"elementor-container elementor-column-gap-default\">\n\t\t\t\t\t<div class=\"elementor-column elementor-col-100 elementor-top-column elementor-element elementor-element-77b9e07\" data-id=\"77b9e07\" data-element_type=\"column\" data-e-type=\"column\">\n\t\t\t<div class=\"elementor-widget-wrap elementor-element-populated\">\n\t\t\t\t\t\t<div class=\"elementor-element elementor-element-7c47704 elementor-widget elementor-widget-heading\" data-id=\"7c47704\" data-element_type=\"widget\" data-e-type=\"widget\" data-widget_type=\"heading.default\">\n\t\t\t\t<div class=\"elementor-widget-container\">\n\t\t\t\t\t<h2 class=\"elementor-heading-title elementor-size-default\">Apresenta\u00e7\u00e3o<\/h2>\t\t\t\t<\/div>\n\t\t\t\t<\/div>\n\t\t\t\t<div class=\"elementor-element elementor-element-787be49 elementor-widget elementor-widget-text-editor\" data-id=\"787be49\" data-element_type=\"widget\" data-e-type=\"widget\" data-widget_type=\"text-editor.default\">\n\t\t\t\t<div class=\"elementor-widget-container\">\n\t\t\t\t\t\t\t\t\t<p>S\u00e3o designadas como alho algumas plantas do g\u00eanero Allium e embora o termo se aplique especificamente ao Allium sativum, esta \u00e9 uma planta perene cujo bulbo ou &#8220;cabe\u00e7a de alho&#8221; \u00e9 composto por folhas escamiformes (&#8220;dentes de alho&#8221;).<\/p><p>No Brasil \u00e9 consumido principalmente como tempero mas tamb\u00e9m podem ser utilizados para fins medicinais.<\/p><p>A maior parte do alho consumido no Brasil em 2016 teve origem internacional, sendo cerca de 55,56% provenientes da China, 32,16% da Argentina, 9,32% da Espanha e o restante de outros pa\u00edses tais como Per\u00fa (0,85%), Chile (0,82%), M\u00e9xico (0,55%) e ainda outros que n\u00e3o possuem uma quantidade significativa, somando 0,74%.<\/p>\t\t\t\t\t\t\t\t<\/div>\n\t\t\t\t<\/div>\n\t\t\t\t\t<\/div>\n\t\t<\/div>\n\t\t\t\t\t<\/div>\n\t\t<\/section>\n\t\t\t\t<section class=\"elementor-section elementor-top-section elementor-element elementor-element-d9cb149 elementor-section-boxed elementor-section-height-default elementor-section-height-default\" data-id=\"d9cb149\" data-element_type=\"section\" data-e-type=\"section\">\n\t\t\t\t\t\t<div class=\"elementor-container elementor-column-gap-default\">\n\t\t\t\t\t<div class=\"elementor-column elementor-col-100 elementor-top-column elementor-element elementor-element-b9b2b66\" data-id=\"b9b2b66\" data-element_type=\"column\" data-e-type=\"column\">\n\t\t\t<div class=\"elementor-widget-wrap elementor-element-populated\">\n\t\t\t\t\t\t<div class=\"elementor-element elementor-element-4711424 elementor-widget elementor-widget-heading\" data-id=\"4711424\" data-element_type=\"widget\" data-e-type=\"widget\" data-widget_type=\"heading.default\">\n\t\t\t\t<div class=\"elementor-widget-container\">\n\t\t\t\t\t<h2 class=\"elementor-heading-title elementor-size-default\">Classifica\u00e7\u00e3o Comercial<\/h2>\t\t\t\t<\/div>\n\t\t\t\t<\/div>\n\t\t\t\t<div class=\"elementor-element elementor-element-bf09808 elementor-widget elementor-widget-text-editor\" data-id=\"bf09808\" data-element_type=\"widget\" data-e-type=\"widget\" data-widget_type=\"text-editor.default\">\n\t\t\t\t<div class=\"elementor-widget-container\">\n\t\t\t\t\t\t\t\t\t<p>O alho conforme sua cor e tamanho \u00e9 classificado por Grupo, Subgrupo e Classe. \u00c9 tamb\u00e9m classificado pelas imperfei\u00e7\u00f5es as quais definem o Tipo.<\/p>\t\t\t\t\t\t\t\t<\/div>\n\t\t\t\t<\/div>\n\t\t\t\t<div class=\"elementor-element elementor-element-46584c5 elementor-widget elementor-widget-heading\" data-id=\"46584c5\" data-element_type=\"widget\" data-e-type=\"widget\" data-widget_type=\"heading.default\">\n\t\t\t\t<div class=\"elementor-widget-container\">\n\t\t\t\t\t<h2 class=\"elementor-heading-title elementor-size-default\">Classifica\u00e7\u00e3o por Tamanho e Cor<\/h2>\t\t\t\t<\/div>\n\t\t\t\t<\/div>\n\t\t\t\t\t<\/div>\n\t\t<\/div>\n\t\t\t\t\t<\/div>\n\t\t<\/section>\n\t\t\t\t<section class=\"elementor-section elementor-top-section elementor-element elementor-element-5683375 elementor-section-boxed elementor-section-height-default elementor-section-height-default\" data-id=\"5683375\" data-element_type=\"section\" data-e-type=\"section\">\n\t\t\t\t\t\t<div class=\"elementor-container elementor-column-gap-default\">\n\t\t\t\t\t<div class=\"elementor-column elementor-col-50 elementor-top-column elementor-element elementor-element-184e5d6\" data-id=\"184e5d6\" data-element_type=\"column\" data-e-type=\"column\">\n\t\t\t<div class=\"elementor-widget-wrap elementor-element-populated\">\n\t\t\t\t\t\t<div class=\"elementor-element elementor-element-5af3d8e elementor-widget elementor-widget-text-editor\" data-id=\"5af3d8e\" data-element_type=\"widget\" data-e-type=\"widget\" data-widget_type=\"text-editor.default\">\n\t\t\t\t<div class=\"elementor-widget-container\">\n\t\t\t\t\t\t\t\t\t<p><strong>\u200bGrupo:<\/strong> O grupo \u00e9 definido pela colora\u00e7\u00e3o da pel\u00edcula do bulbilho, podendo ser branco ou roxo.<\/p>\t\t\t\t\t\t\t\t<\/div>\n\t\t\t\t<\/div>\n\t\t\t\t<section class=\"elementor-section elementor-inner-section elementor-element elementor-element-0807fb7 elementor-section-boxed elementor-section-height-default elementor-section-height-default\" data-id=\"0807fb7\" data-element_type=\"section\" data-e-type=\"section\">\n\t\t\t\t\t\t<div class=\"elementor-container elementor-column-gap-default\">\n\t\t\t\t\t<div class=\"elementor-column elementor-col-50 elementor-inner-column elementor-element elementor-element-ea1b856\" data-id=\"ea1b856\" data-element_type=\"column\" data-e-type=\"column\" data-settings=\"{&quot;background_background&quot;:&quot;classic&quot;}\">\n\t\t\t<div class=\"elementor-widget-wrap elementor-element-populated\">\n\t\t\t\t\t\t<div class=\"elementor-element elementor-element-66da6ff elementor-widget elementor-widget-image\" data-id=\"66da6ff\" data-element_type=\"widget\" data-e-type=\"widget\" data-widget_type=\"image.default\">\n\t\t\t\t<div class=\"elementor-widget-container\">\n\t\t\t\t\t\t\t\t\t\t\t\t\t\t\t<img decoding=\"async\" width=\"248\" height=\"160\" src=\"https:\/\/agroten.com.br\/agrofood\/wp-content\/uploads\/sites\/4\/2019\/09\/alho-branco.jpg\" class=\"attachment-large size-large wp-image-5\" alt=\"\" \/>\t\t\t\t\t\t\t\t\t\t\t\t\t\t\t<\/div>\n\t\t\t\t<\/div>\n\t\t\t\t<div class=\"elementor-element elementor-element-6ba73af elementor-widget elementor-widget-heading\" data-id=\"6ba73af\" data-element_type=\"widget\" data-e-type=\"widget\" data-widget_type=\"heading.default\">\n\t\t\t\t<div class=\"elementor-widget-container\">\n\t\t\t\t\t<h2 class=\"elementor-heading-title elementor-size-default\">branco<\/h2>\t\t\t\t<\/div>\n\t\t\t\t<\/div>\n\t\t\t\t\t<\/div>\n\t\t<\/div>\n\t\t\t\t<div class=\"elementor-column elementor-col-50 elementor-inner-column elementor-element elementor-element-98fc56f\" data-id=\"98fc56f\" data-element_type=\"column\" data-e-type=\"column\" data-settings=\"{&quot;background_background&quot;:&quot;classic&quot;}\">\n\t\t\t<div class=\"elementor-widget-wrap elementor-element-populated\">\n\t\t\t\t\t\t<div class=\"elementor-element elementor-element-ff08763 elementor-widget elementor-widget-image\" data-id=\"ff08763\" data-element_type=\"widget\" data-e-type=\"widget\" data-widget_type=\"image.default\">\n\t\t\t\t<div class=\"elementor-widget-container\">\n\t\t\t\t\t\t\t\t\t\t\t\t\t\t\t<img fetchpriority=\"high\" decoding=\"async\" width=\"680\" height=\"454\" src=\"https:\/\/agroten.com.br\/agrofood\/wp-content\/uploads\/sites\/4\/2019\/09\/alho-roxoi-1024x683.jpg\" class=\"attachment-large size-large wp-image-6\" alt=\"\" srcset=\"https:\/\/agroten.com.br\/agrofood\/wp-content\/uploads\/sites\/4\/2019\/09\/alho-roxoi-1024x683.jpg 1024w, https:\/\/agroten.com.br\/agrofood\/wp-content\/uploads\/sites\/4\/2019\/09\/alho-roxoi-300x200.jpg 300w, https:\/\/agroten.com.br\/agrofood\/wp-content\/uploads\/sites\/4\/2019\/09\/alho-roxoi-768x512.jpg 768w, https:\/\/agroten.com.br\/agrofood\/wp-content\/uploads\/sites\/4\/2019\/09\/alho-roxoi.jpg 1600w\" sizes=\"(max-width: 680px) 100vw, 680px\" \/>\t\t\t\t\t\t\t\t\t\t\t\t\t\t\t<\/div>\n\t\t\t\t<\/div>\n\t\t\t\t<div class=\"elementor-element elementor-element-20dc310 elementor-widget elementor-widget-heading\" data-id=\"20dc310\" data-element_type=\"widget\" data-e-type=\"widget\" data-widget_type=\"heading.default\">\n\t\t\t\t<div class=\"elementor-widget-container\">\n\t\t\t\t\t<h2 class=\"elementor-heading-title elementor-size-default\">roxo<\/h2>\t\t\t\t<\/div>\n\t\t\t\t<\/div>\n\t\t\t\t\t<\/div>\n\t\t<\/div>\n\t\t\t\t\t<\/div>\n\t\t<\/section>\n\t\t\t\t\t<\/div>\n\t\t<\/div>\n\t\t\t\t<div class=\"elementor-column elementor-col-50 elementor-top-column elementor-element elementor-element-e386d02\" data-id=\"e386d02\" data-element_type=\"column\" data-e-type=\"column\">\n\t\t\t<div class=\"elementor-widget-wrap elementor-element-populated\">\n\t\t\t\t\t\t<div class=\"elementor-element elementor-element-4e133d8 elementor-widget elementor-widget-text-editor\" data-id=\"4e133d8\" data-element_type=\"widget\" data-e-type=\"widget\" data-widget_type=\"text-editor.default\">\n\t\t\t\t<div class=\"elementor-widget-container\">\n\t\t\t\t\t\t\t\t\t<p><strong>Sub-grupo:<\/strong> O sub-grupo caracteriza o n\u00famero de bulbilhos (dentes) por bulbo no alho, sendo:<\/p><p><em>\u200bNobre<\/em> &#8211; possui de 5 a 20 dentes por bulbo (cabe\u00e7a)<br \/>\u200b<em>Comum<\/em> &#8211; possui mais de 20 dentes por bulbo<\/p>\t\t\t\t\t\t\t\t<\/div>\n\t\t\t\t<\/div>\n\t\t\t\t<div class=\"elementor-element elementor-element-19fd0a7 elementor-widget elementor-widget-text-editor\" data-id=\"19fd0a7\" data-element_type=\"widget\" data-e-type=\"widget\" data-widget_type=\"text-editor.default\">\n\t\t\t\t<div class=\"elementor-widget-container\">\n\t\t\t\t\t\t\t\t\t<p><strong>Classe:<\/strong> a classe \u00e9 definida pelo di\u00e2metro transversal do bulbo conforme abaixo:<\/p><p>7 &#8211; mais de 56<br \/>6 &#8211; mais de 47 a 56<br \/>5 &#8211; mais de 42 a 47<br \/>4 &#8211; mais de 37 a 42<br \/>3 &#8211; mais de 32 a 37\u200b<\/p>\t\t\t\t\t\t\t\t<\/div>\n\t\t\t\t<\/div>\n\t\t\t\t\t<\/div>\n\t\t<\/div>\n\t\t\t\t\t<\/div>\n\t\t<\/section>\n\t\t\t\t<section class=\"elementor-section elementor-top-section elementor-element elementor-element-7ba466d elementor-section-boxed elementor-section-height-default elementor-section-height-default\" data-id=\"7ba466d\" data-element_type=\"section\" data-e-type=\"section\">\n\t\t\t\t\t\t<div class=\"elementor-container elementor-column-gap-default\">\n\t\t\t\t\t<div class=\"elementor-column elementor-col-100 elementor-top-column elementor-element elementor-element-abc748d\" data-id=\"abc748d\" data-element_type=\"column\" data-e-type=\"column\">\n\t\t\t<div class=\"elementor-widget-wrap elementor-element-populated\">\n\t\t\t\t\t\t<div class=\"elementor-element elementor-element-4626335 elementor-widget elementor-widget-heading\" data-id=\"4626335\" data-element_type=\"widget\" data-e-type=\"widget\" data-widget_type=\"heading.default\">\n\t\t\t\t<div class=\"elementor-widget-container\">\n\t\t\t\t\t<h2 class=\"elementor-heading-title elementor-size-default\">Classifica\u00e7\u00e3o por Defeito<\/h2>\t\t\t\t<\/div>\n\t\t\t\t<\/div>\n\t\t\t\t<div class=\"elementor-element elementor-element-ea33da6 elementor-widget elementor-widget-text-editor\" data-id=\"ea33da6\" data-element_type=\"widget\" data-e-type=\"widget\" data-widget_type=\"text-editor.default\">\n\t\t\t\t<div class=\"elementor-widget-container\">\n\t\t\t\t\t\t\t\t\t<p><strong>Tipo:<\/strong> independente do grupo, subgrupo e classe a que perten\u00e7a, o alho \u00e9 classificado como EXTRA, ESPECIAL ou COMERCIAL, de acordo com os percentuais de defeitos gerais e\/ou graves estabelecidos pela referida Portaria e reproduzidos na tabela abaixo:<\/p>\t\t\t\t\t\t\t\t<\/div>\n\t\t\t\t<\/div>\n\t\t\t\t<div class=\"elementor-element elementor-element-b6ead0f elementor-widget elementor-widget-image\" data-id=\"b6ead0f\" data-element_type=\"widget\" data-e-type=\"widget\" data-widget_type=\"image.default\">\n\t\t\t\t<div class=\"elementor-widget-container\">\n\t\t\t\t\t\t\t\t\t\t\t\t\t\t\t<img decoding=\"async\" width=\"1096\" height=\"116\" src=\"https:\/\/agroten.com.br\/agrofood\/wp-content\/uploads\/sites\/4\/2019\/09\/captura-de-tela-2017-08-28-s-18-54-26_1.png\" class=\"attachment-full size-full wp-image-8\" alt=\"\" srcset=\"https:\/\/agroten.com.br\/agrofood\/wp-content\/uploads\/sites\/4\/2019\/09\/captura-de-tela-2017-08-28-s-18-54-26_1.png 1096w, https:\/\/agroten.com.br\/agrofood\/wp-content\/uploads\/sites\/4\/2019\/09\/captura-de-tela-2017-08-28-s-18-54-26_1-300x32.png 300w, https:\/\/agroten.com.br\/agrofood\/wp-content\/uploads\/sites\/4\/2019\/09\/captura-de-tela-2017-08-28-s-18-54-26_1-768x81.png 768w, https:\/\/agroten.com.br\/agrofood\/wp-content\/uploads\/sites\/4\/2019\/09\/captura-de-tela-2017-08-28-s-18-54-26_1-1024x108.png 1024w\" sizes=\"(max-width: 1096px) 100vw, 1096px\" \/>\t\t\t\t\t\t\t\t\t\t\t\t\t\t\t<\/div>\n\t\t\t\t<\/div>\n\t\t\t\t\t<\/div>\n\t\t<\/div>\n\t\t\t\t\t<\/div>\n\t\t<\/section>\n\t\t\t\t<section class=\"elementor-section elementor-top-section elementor-element elementor-element-ae3f586 elementor-section-boxed elementor-section-height-default elementor-section-height-default\" data-id=\"ae3f586\" data-element_type=\"section\" data-e-type=\"section\">\n\t\t\t\t\t\t<div class=\"elementor-container elementor-column-gap-default\">\n\t\t\t\t\t<div class=\"elementor-column elementor-col-100 elementor-top-column elementor-element elementor-element-3f136b0\" data-id=\"3f136b0\" data-element_type=\"column\" data-e-type=\"column\">\n\t\t\t<div class=\"elementor-widget-wrap elementor-element-populated\">\n\t\t\t\t\t\t<div class=\"elementor-element elementor-element-088e0b3 elementor-widget elementor-widget-spacer\" data-id=\"088e0b3\" data-element_type=\"widget\" data-e-type=\"widget\" data-widget_type=\"spacer.default\">\n\t\t\t\t<div class=\"elementor-widget-container\">\n\t\t\t\t\t\t\t<div class=\"elementor-spacer\">\n\t\t\t<div class=\"elementor-spacer-inner\"><\/div>\n\t\t<\/div>\n\t\t\t\t\t\t<\/div>\n\t\t\t\t<\/div>\n\t\t\t\t\t<\/div>\n\t\t<\/div>\n\t\t\t\t\t<\/div>\n\t\t<\/section>\n\t\t\t\t<\/div>\n\t\t","protected":false},"excerpt":{"rendered":"<p>Alho Apresenta\u00e7\u00e3o S\u00e3o designadas como alho algumas plantas do g\u00eanero Allium e embora o termo se aplique especificamente ao Allium [&hellip;]<\/p>\n","protected":false},"author":1,"featured_media":0,"parent":0,"menu_order":0,"comment_status":"closed","ping_status":"closed","template":"elementor_header_footer","meta":{"footnotes":""},"class_list":["post-139","page","type-page","status-publish","hentry"],"_links":{"self":[{"href":"https:\/\/agroten.com.br\/agrofood\/wp-json\/wp\/v2\/pages\/139","targetHints":{"allow":["GET"]}}],"collection":[{"href":"https:\/\/agroten.com.br\/agrofood\/wp-json\/wp\/v2\/pages"}],"about":[{"href":"https:\/\/agroten.com.br\/agrofood\/wp-json\/wp\/v2\/types\/page"}],"author":[{"embeddable":true,"href":"https:\/\/agroten.com.br\/agrofood\/wp-json\/wp\/v2\/users\/1"}],"replies":[{"embeddable":true,"href":"https:\/\/agroten.com.br\/agrofood\/wp-json\/wp\/v2\/comments?post=139"}],"version-history":[{"count":3,"href":"https:\/\/agroten.com.br\/agrofood\/wp-json\/wp\/v2\/pages\/139\/revisions"}],"predecessor-version":[{"id":163,"href":"https:\/\/agroten.com.br\/agrofood\/wp-json\/wp\/v2\/pages\/139\/revisions\/163"}],"wp:attachment":[{"href":"https:\/\/agroten.com.br\/agrofood\/wp-json\/wp\/v2\/media?parent=139"}],"curies":[{"name":"wp","href":"https:\/\/api.w.org\/{rel}","templated":true}]}}